{"id":245,"date":"2018-06-20T07:25:44","date_gmt":"2018-06-20T07:25:44","guid":{"rendered":"http:\/\/localhost\/harshad\/?post_type=product&#038;p=245"},"modified":"2025-10-09T18:36:26","modified_gmt":"2025-10-09T16:36:26","slug":"tonabnehmer","status":"publish","type":"product","link":"https:\/\/buddha-systems.com\/en\/product\/tonabnehmer\/","title":{"rendered":"Golden Era +"},"content":{"rendered":"<p>Transparente H\u00f6hen und warme B\u00e4sse sind wohl die herausragenden Eigenschaften, die den Sitar Pickup \u201egolden era\u201c aus dem Hause Buddha Systems beschreiben. Der im Fr\u00fchjahr 2019 von Ashok Nair entwickelte Tonabnehmer im hochgl\u00e4nzenden Carbon-Geh\u00e4use besticht durch seinen luftigen Klangraum, den man nur von konventionellen Mikrofonen kennt. Mit einem Gewicht von lediglich 6 Gramm passt er sich perfekt seiner klanglichen Umgebung an. Ausschlie\u00dflich hochwertige Bauteile kommen in der Manufaktur in Leimen bei Heidelberg zum Einsatz. Vergoldeter Klinkenstecker und das abgeschirmte Audiokabel verleihen dem Allesk\u00f6nner seinen letzten Schliff.<\/p>","protected":false},"excerpt":{"rendered":"<p>Transparente H\u00f6hen und warme B\u00e4sse sind wohl die herausragenden Eigenschaften, die den Sitar Pickup \u201egolden era\u201c aus dem Hause Buddha Systems beschreiben. Ausschlie\u00dflich hochwertige Bauteile kommen in der Manufaktur in Leimen bei Heidelberg zum Einsatz.<\/p>","protected":false},"featured_media":2655,"template":"","meta":[],"product_brand":[],"product_cat":[21],"product_tag":[],"class_list":{"0":"post-245","1":"product","2":"type-product","3":"status-publish","4":"has-post-thumbnail","6":"product_cat-tonabnehmer","8":"first","9":"instock","10":"sale","11":"featured","12":"taxable","13":"shipping-taxable","14":"purchasable","15":"product-type-simple"},"_links":{"self":[{"href":"https:\/\/buddha-systems.com\/en\/wp-json\/wp\/v2\/product\/245","targetHints":{"allow":["GET"]}}],"collection":[{"href":"https:\/\/buddha-systems.com\/en\/wp-json\/wp\/v2\/product"}],"about":[{"href":"https:\/\/buddha-systems.com\/en\/wp-json\/wp\/v2\/types\/product"}],"wp:featuredmedia":[{"embeddable":true,"href":"https:\/\/buddha-systems.com\/en\/wp-json\/wp\/v2\/media\/2655"}],"wp:attachment":[{"href":"https:\/\/buddha-systems.com\/en\/wp-json\/wp\/v2\/media?parent=245"}],"wp:term":[{"taxonomy":"product_brand","embeddable":true,"href":"https:\/\/buddha-systems.com\/en\/wp-json\/wp\/v2\/product_brand?post=245"},{"taxonomy":"product_cat","embeddable":true,"href":"https:\/\/buddha-systems.com\/en\/wp-json\/wp\/v2\/product_cat?post=245"},{"taxonomy":"product_tag","embeddable":true,"href":"https:\/\/buddha-systems.com\/en\/wp-json\/wp\/v2\/product_tag?post=245"}],"curies":[{"name":"wp","href":"https:\/\/api.w.org\/{rel}","templated":true}]}}